{"id":138810,"date":"2015-10-14T17:27:24","date_gmt":"2015-10-14T15:27:24","guid":{"rendered":"https:\/\/webtv.saxopen.com\/fr\/?page_id=138810"},"modified":"2015-10-14T17:27:24","modified_gmt":"2015-10-14T15:27:24","slug":"equipe-artistique","status":"publish","type":"page","link":"https:\/\/webtv.saxopen.com\/fr\/a-propos-de-saxopen\/equipe-artistique\/","title":{"rendered":"Equipe artistique"},"content":{"rendered":"<p><strong>Philippe Geiss<\/strong><\/p>\n<p>Professeur au Conservatoire et \u00e0 l\u2019Acad\u00e9mie Sup\u00e9rieure de Musique de\u00a0Strasbourg<\/p>\n<p>Direction artistique de SaxOpen<\/p>\n<p>Directeur artistique de SAX&amp;CO<\/p>\n<p><strong>Claude Delangle<\/strong><\/p>\n<p>Professeur au CNSMDP<\/p>\n<p>Pr\u00e9sident du Comit\u00e9 international du saxophone<\/p>\n<p>Vice-pr\u00e9sident de l\u2019A.SAX<\/p>\n<p><strong>J\u00e9r\u00f4me Laran<\/strong><\/p>\n<p>Professeur au conservatoire d\u2019Aulnay sous bois<\/p>\n<p>Pr\u00e9sident de l\u2019association CONTINUO \u2013 Aulnay sous bois<\/p>\n<p>Pr\u00e9sident de l\u2019A.SAX \u2013 Association des saxophonistes de France \u2013 Paris<\/p>\n<p><strong>Marie-Bernadette Charrier<\/strong><\/p>\n<p>Professeur au conservatoire de Bordeaux et au PESMD Bordeaux Aquitaine<\/p>\n<p>Vice \u2013 pr\u00e9sidente de l\u2019A.SAX<\/p>\n<p>Directrice artistique de l\u2019association PROXIMA CENTAURI \u2013 Bordeaux<\/p>\n<p><strong>Fred Couderc<\/strong><\/p>\n<p>Musicien ind\u00e9pendant, improvisateur<\/p>\n<p><strong>\u00a0<\/strong><\/p>\n<p><strong>Vincent David<\/strong><\/p>\n<p>Professeur au conservatoire de Versailles<\/p>\n<p>Directeur artistique de l\u2019association LE CHANT DU ROSEAU<\/p>\n<p><strong>Claude Georgel<\/strong><\/p>\n<p>Directeur des \u00c9tudes Musicales au PESM Bourgogne<\/p>\n<p><strong>\u00a0<\/strong><\/p>\n<p><strong>Jean-Michel Goury<\/strong><\/p>\n<p>Professeur au P\u00f4le sup\u00e9rieur\/CRR de Paris-Boulogne-Billancourt<\/p>\n<p>Membre du quatuor de saxophones XASAX<\/p>\n<p><strong>\u00a0<\/strong><\/p>\n<p><strong>Laurent Matheron<\/strong><\/p>\n<p>Secr\u00e9taire de l\u2019A.SAX<\/p>\n<p><strong>\u00a0<\/strong><\/p>\n<p><strong>Nicolas Prost<\/strong><\/p>\n<p>Professeur au Conservatoire de Saint-Maur-des-foss\u00e9s<\/p>\n<p>Directeur artistique de l&rsquo;association SAXIANA \u2013 Paris<\/p>\n<p><strong>Gilles Tressos<\/strong><\/p>\n<p>Professeur au Conservatoire, au Centre d&rsquo;Etudes Sup\u00e9rieures de POITIERS et au D\u00e9partement P\u00e9dagogie du CNSMD de PARIS<\/p>\n<p>Membre du Quatuor HABANERA<\/p>\n<p>Directeur artistique de l\u2019association SAXOPHONE \u00c9V\u00c9NEMENT \u2013 Poitiers<\/p>\n<p>De nombreux collaborateurs ponctuels s\u2019investissent \u00e9galement dans la pr\u00e9paration de SaxOpen, nous les en remercions vivement\u00a0!<\/p>\n","protected":false},"excerpt":{"rendered":"<p>Philippe Geiss Professeur au Conservatoire et \u00e0 l\u2019Acad\u00e9mie Sup\u00e9rieure de Musique de\u00a0Strasbourg Direction artistique de SaxOpen Directeur artistique de SAX&amp;CO Claude Delangle Professeur au CNSMDP Pr\u00e9sident du Comit\u00e9 international du saxophone Vice-pr\u00e9sident de l\u2019A.SAX J\u00e9r\u00f4me Laran Professeur au conservatoire d\u2019Aulnay sous bois Pr\u00e9sident de l\u2019association CONTINUO \u2013 Aulnay sous bois Pr\u00e9sident de l\u2019A.SAX \u2013 Association [&hellip;]<\/p>\n","protected":false},"author":1,"featured_media":0,"parent":138795,"menu_order":0,"comment_status":"closed","ping_status":"closed","template":"","meta":{"footnotes":""},"class_list":["post-138810","page","type-page","status-publish","hentry"],"yoast_head":"<!-- This site is optimized with the Yoast SEO plugin v26.2 - https:\/\/yoast.com\/wordpress\/plugins\/seo\/ -->\n<title>Equipe artistique - Saxopen<\/title>\n<meta name=\"robots\" content=\"index, follow, max-snippet:-1, max-image-preview:large, max-video-preview:-1\" \/>\n<link rel=\"canonical\" href=\"https:\/\/webtv.saxopen.com\/fr\/a-propos-de-saxopen\/equipe-artistique\/\" \/>\n<meta property=\"og:locale\" content=\"fr_FR\" \/>\n<meta property=\"og:type\" content=\"article\" \/>\n<meta property=\"og:title\" content=\"Equipe artistique - Saxopen\" \/>\n<meta property=\"og:description\" content=\"Philippe Geiss Professeur au Conservatoire et \u00e0 l\u2019Acad\u00e9mie Sup\u00e9rieure de Musique de\u00a0Strasbourg Direction artistique de SaxOpen Directeur artistique de SAX&amp;CO Claude Delangle Professeur au CNSMDP Pr\u00e9sident du Comit\u00e9 international du saxophone Vice-pr\u00e9sident de l\u2019A.SAX J\u00e9r\u00f4me Laran Professeur au conservatoire d\u2019Aulnay sous bois Pr\u00e9sident de l\u2019association CONTINUO \u2013 Aulnay sous bois Pr\u00e9sident de l\u2019A.SAX \u2013 Association [&hellip;]\" \/>\n<meta property=\"og:url\" content=\"https:\/\/webtv.saxopen.com\/fr\/a-propos-de-saxopen\/equipe-artistique\/\" \/>\n<meta property=\"og:site_name\" content=\"Saxopen\" \/>\n<meta property=\"article:publisher\" content=\"https:\/\/www.facebook.com\/saxopen2015\" \/>\n<meta name=\"twitter:card\" content=\"summary_large_image\" \/>\n<meta name=\"twitter:site\" content=\"@SaxOpen\" \/>\n<meta name=\"twitter:label1\" content=\"Dur\u00e9e de lecture estim\u00e9e\" \/>\n\t<meta name=\"twitter:data1\" content=\"1 minute\" \/>\n<script type=\"application\/ld+json\" class=\"yoast-schema-graph\">{\"@context\":\"https:\/\/schema.org\",\"@graph\":[{\"@type\":\"WebPage\",\"@id\":\"https:\/\/webtv.saxopen.com\/fr\/a-propos-de-saxopen\/equipe-artistique\/\",\"url\":\"https:\/\/webtv.saxopen.com\/fr\/a-propos-de-saxopen\/equipe-artistique\/\",\"name\":\"Equipe artistique - Saxopen\",\"isPartOf\":{\"@id\":\"https:\/\/webtv.saxopen.com\/#website\"},\"datePublished\":\"2015-10-14T15:27:24+00:00\",\"breadcrumb\":{\"@id\":\"https:\/\/webtv.saxopen.com\/fr\/a-propos-de-saxopen\/equipe-artistique\/#breadcrumb\"},\"inLanguage\":\"fr-FR\",\"potentialAction\":[{\"@type\":\"ReadAction\",\"target\":[\"https:\/\/webtv.saxopen.com\/fr\/a-propos-de-saxopen\/equipe-artistique\/\"]}]},{\"@type\":\"BreadcrumbList\",\"@id\":\"https:\/\/webtv.saxopen.com\/fr\/a-propos-de-saxopen\/equipe-artistique\/#breadcrumb\",\"itemListElement\":[{\"@type\":\"ListItem\",\"position\":1,\"name\":\"Accueil\",\"item\":\"https:\/\/webtv.saxopen.com\/fr\/\"},{\"@type\":\"ListItem\",\"position\":2,\"name\":\"A propos de SaxOpen\",\"item\":\"https:\/\/webtv.saxopen.com\/fr\/a-propos-de-saxopen\/\"},{\"@type\":\"ListItem\",\"position\":3,\"name\":\"Equipe artistique\"}]},{\"@type\":\"WebSite\",\"@id\":\"https:\/\/webtv.saxopen.com\/#website\",\"url\":\"https:\/\/webtv.saxopen.com\/\",\"name\":\"Saxopen\",\"description\":\"17th World Saxophone Congress and Festival - Strasbourg \/ France\",\"potentialAction\":[{\"@type\":\"SearchAction\",\"target\":{\"@type\":\"EntryPoint\",\"urlTemplate\":\"https:\/\/webtv.saxopen.com\/?s={search_term_string}\"},\"query-input\":{\"@type\":\"PropertyValueSpecification\",\"valueRequired\":true,\"valueName\":\"search_term_string\"}}],\"inLanguage\":\"fr-FR\"}]}<\/script>\n<!-- \/ Yoast SEO plugin. -->","yoast_head_json":{"title":"Equipe artistique - Saxopen","robots":{"index":"index","follow":"follow","max-snippet":"max-snippet:-1","max-image-preview":"max-image-preview:large","max-video-preview":"max-video-preview:-1"},"canonical":"https:\/\/webtv.saxopen.com\/fr\/a-propos-de-saxopen\/equipe-artistique\/","og_locale":"fr_FR","og_type":"article","og_title":"Equipe artistique - Saxopen","og_description":"Philippe Geiss Professeur au Conservatoire et \u00e0 l\u2019Acad\u00e9mie Sup\u00e9rieure de Musique de\u00a0Strasbourg Direction artistique de SaxOpen Directeur artistique de SAX&amp;CO Claude Delangle Professeur au CNSMDP Pr\u00e9sident du Comit\u00e9 international du saxophone Vice-pr\u00e9sident de l\u2019A.SAX J\u00e9r\u00f4me Laran Professeur au conservatoire d\u2019Aulnay sous bois Pr\u00e9sident de l\u2019association CONTINUO \u2013 Aulnay sous bois Pr\u00e9sident de l\u2019A.SAX \u2013 Association [&hellip;]","og_url":"https:\/\/webtv.saxopen.com\/fr\/a-propos-de-saxopen\/equipe-artistique\/","og_site_name":"Saxopen","article_publisher":"https:\/\/www.facebook.com\/saxopen2015","twitter_card":"summary_large_image","twitter_site":"@SaxOpen","twitter_misc":{"Dur\u00e9e de lecture estim\u00e9e":"1 minute"},"schema":{"@context":"https:\/\/schema.org","@graph":[{"@type":"WebPage","@id":"https:\/\/webtv.saxopen.com\/fr\/a-propos-de-saxopen\/equipe-artistique\/","url":"https:\/\/webtv.saxopen.com\/fr\/a-propos-de-saxopen\/equipe-artistique\/","name":"Equipe artistique - Saxopen","isPartOf":{"@id":"https:\/\/webtv.saxopen.com\/#website"},"datePublished":"2015-10-14T15:27:24+00:00","breadcrumb":{"@id":"https:\/\/webtv.saxopen.com\/fr\/a-propos-de-saxopen\/equipe-artistique\/#breadcrumb"},"inLanguage":"fr-FR","potentialAction":[{"@type":"ReadAction","target":["https:\/\/webtv.saxopen.com\/fr\/a-propos-de-saxopen\/equipe-artistique\/"]}]},{"@type":"BreadcrumbList","@id":"https:\/\/webtv.saxopen.com\/fr\/a-propos-de-saxopen\/equipe-artistique\/#breadcrumb","itemListElement":[{"@type":"ListItem","position":1,"name":"Accueil","item":"https:\/\/webtv.saxopen.com\/fr\/"},{"@type":"ListItem","position":2,"name":"A propos de SaxOpen","item":"https:\/\/webtv.saxopen.com\/fr\/a-propos-de-saxopen\/"},{"@type":"ListItem","position":3,"name":"Equipe artistique"}]},{"@type":"WebSite","@id":"https:\/\/webtv.saxopen.com\/#website","url":"https:\/\/webtv.saxopen.com\/","name":"Saxopen","description":"17th World Saxophone Congress and Festival - Strasbourg \/ France","potentialAction":[{"@type":"SearchAction","target":{"@type":"EntryPoint","urlTemplate":"https:\/\/webtv.saxopen.com\/?s={search_term_string}"},"query-input":{"@type":"PropertyValueSpecification","valueRequired":true,"valueName":"search_term_string"}}],"inLanguage":"fr-FR"}]}},"_links":{"self":[{"href":"https:\/\/webtv.saxopen.com\/fr\/wp-json\/wp\/v2\/pages\/138810","targetHints":{"allow":["GET"]}}],"collection":[{"href":"https:\/\/webtv.saxopen.com\/fr\/wp-json\/wp\/v2\/pages"}],"about":[{"href":"https:\/\/webtv.saxopen.com\/fr\/wp-json\/wp\/v2\/types\/page"}],"author":[{"embeddable":true,"href":"https:\/\/webtv.saxopen.com\/fr\/wp-json\/wp\/v2\/users\/1"}],"replies":[{"embeddable":true,"href":"https:\/\/webtv.saxopen.com\/fr\/wp-json\/wp\/v2\/comments?post=138810"}],"version-history":[{"count":1,"href":"https:\/\/webtv.saxopen.com\/fr\/wp-json\/wp\/v2\/pages\/138810\/revisions"}],"predecessor-version":[{"id":138811,"href":"https:\/\/webtv.saxopen.com\/fr\/wp-json\/wp\/v2\/pages\/138810\/revisions\/138811"}],"up":[{"embeddable":true,"href":"https:\/\/webtv.saxopen.com\/fr\/wp-json\/wp\/v2\/pages\/138795"}],"wp:attachment":[{"href":"https:\/\/webtv.saxopen.com\/fr\/wp-json\/wp\/v2\/media?parent=138810"}],"curies":[{"name":"wp","href":"https:\/\/api.w.org\/{rel}","templated":true}]}}