{"id":138808,"date":"2015-10-14T17:26:57","date_gmt":"2015-10-14T15:26:57","guid":{"rendered":"https:\/\/webtv.saxopen.com\/fr\/?page_id=138808"},"modified":"2015-10-14T17:26:57","modified_gmt":"2015-10-14T15:26:57","slug":"les-thematiques","status":"publish","type":"page","link":"https:\/\/webtv.saxopen.com\/fr\/a-propos-de-saxopen\/les-thematiques\/","title":{"rendered":"Les th\u00e9matiques"},"content":{"rendered":"<p>Le mot d\u2019ordre de SaxOpen est l\u2019ouverture\u00a0; sur tous les styles musicaux, toutes les pratiques, toutes les recherches, tous les interpr\u00e8tes (professionnels, amateurs, jeunes, etc.).<\/p>\n<p>Ainsi, <strong>aucune des propositions que vous pourrez nous faire ne pourra \u00eatre hors sujet<\/strong>\u00a0!<\/p>\n<p>Nous esp\u00e9rons que les participants \u00e0 SaxOpen auront comme nous \u00e0 c\u0153ur de ne pas h\u00e9siter \u00e0 d\u00e9velopper des projets audacieux et novateurs, pour que cette rencontre soit l\u2019occasion de nombreuses d\u00e9couvertes et d\u2019enrichissements mutuels.<\/p>\n<p>Afin de vous donner quelques id\u00e9es de ce que vous pourriez proposer, voici des d\u00e9clinaisons de nos grandes th\u00e9matiques\u00a0:<\/p>\n<h3><strong>TRADITION<\/strong><\/h3>\n<p>\u2022 Oeuvres concertantes (Symphonique, Harmonie, Ensemble instrumental)<\/p>\n<p>\u2022 Musique de chambre<\/p>\n<p>\u2022 Solos<\/p>\n<p>\u2022 Ensemble de saxophones (Quatuor, Ensemble,&#8230;)<\/p>\n<p>\u2022 \u2026<\/p>\n<h3><strong>INNOVATION<\/strong><\/h3>\n<p>\u2022 Crossover (Improvisation, Jazz, World,&#8230;)<\/p>\n<p>\u2022 Adaptations cr\u00e9atives<\/p>\n<p>\u2022 Musique \u00e9lectronique \/ Multim\u00e9dia<\/p>\n<p>\u2022 Transversalit\u00e9 \/ Relation aux autres arts<\/p>\n<p>\u2022 \u2026<\/p>\n<p><strong>RECHERCHE<\/strong><\/p>\n<p>\u2022 Autour de l\u2019interpr\u00e9tation<\/p>\n<p>\u2022 C\u00e9l\u00e9brations anniversaires (Compositeurs, interpr\u00e8tes, p\u00e9dagogues,&#8230;)<\/p>\n<p>\u2022 P\u00e9dagogie et jeunes g\u00e9n\u00e9rations<\/p>\n<p>\u2022 Famille des saxophones (Histoire, avenir, raret\u00e9s, curiosit\u00e9s,&#8230;)<\/p>\n<p>\u2022 Sant\u00e9 et pathologies du saxophoniste (Travail mental, Posture, Blessures,&#8230;)<\/p>\n<p>\u2022 \u2026<\/p>\n<p>Un m\u00eame projet peut bien entendu trouver sa place dans plusieurs domaines.<\/p>\n","protected":false},"excerpt":{"rendered":"<p>Le mot d\u2019ordre de SaxOpen est l\u2019ouverture\u00a0; sur tous les styles musicaux, toutes les pratiques, toutes les recherches, tous les interpr\u00e8tes (professionnels, amateurs, jeunes, etc.). Ainsi, aucune des propositions que vous pourrez nous faire ne pourra \u00eatre hors sujet\u00a0! Nous esp\u00e9rons que les participants \u00e0 SaxOpen auront comme nous \u00e0 c\u0153ur de ne pas h\u00e9siter [&hellip;]<\/p>\n","protected":false},"author":1,"featured_media":0,"parent":138795,"menu_order":0,"comment_status":"closed","ping_status":"closed","template":"","meta":{"footnotes":""},"class_list":["post-138808","page","type-page","status-publish","hentry"],"yoast_head":"<!-- This site is optimized with the Yoast SEO plugin v26.2 - https:\/\/yoast.com\/wordpress\/plugins\/seo\/ -->\n<title>Les th\u00e9matiques - Saxopen<\/title>\n<meta name=\"robots\" content=\"index, follow, max-snippet:-1, max-image-preview:large, max-video-preview:-1\" \/>\n<link rel=\"canonical\" href=\"https:\/\/webtv.saxopen.com\/fr\/a-propos-de-saxopen\/les-thematiques\/\" \/>\n<meta property=\"og:locale\" content=\"fr_FR\" \/>\n<meta property=\"og:type\" content=\"article\" \/>\n<meta property=\"og:title\" content=\"Les th\u00e9matiques - Saxopen\" \/>\n<meta property=\"og:description\" content=\"Le mot d\u2019ordre de SaxOpen est l\u2019ouverture\u00a0; sur tous les styles musicaux, toutes les pratiques, toutes les recherches, tous les interpr\u00e8tes (professionnels, amateurs, jeunes, etc.). Ainsi, aucune des propositions que vous pourrez nous faire ne pourra \u00eatre hors sujet\u00a0! Nous esp\u00e9rons que les participants \u00e0 SaxOpen auront comme nous \u00e0 c\u0153ur de ne pas h\u00e9siter [&hellip;]\" \/>\n<meta property=\"og:url\" content=\"https:\/\/webtv.saxopen.com\/fr\/a-propos-de-saxopen\/les-thematiques\/\" \/>\n<meta property=\"og:site_name\" content=\"Saxopen\" \/>\n<meta property=\"article:publisher\" content=\"https:\/\/www.facebook.com\/saxopen2015\" \/>\n<meta name=\"twitter:card\" content=\"summary_large_image\" \/>\n<meta name=\"twitter:site\" content=\"@SaxOpen\" \/>\n<meta name=\"twitter:label1\" content=\"Dur\u00e9e de lecture estim\u00e9e\" \/>\n\t<meta name=\"twitter:data1\" content=\"1 minute\" \/>\n<script type=\"application\/ld+json\" class=\"yoast-schema-graph\">{\"@context\":\"https:\/\/schema.org\",\"@graph\":[{\"@type\":\"WebPage\",\"@id\":\"https:\/\/webtv.saxopen.com\/fr\/a-propos-de-saxopen\/les-thematiques\/\",\"url\":\"https:\/\/webtv.saxopen.com\/fr\/a-propos-de-saxopen\/les-thematiques\/\",\"name\":\"Les th\u00e9matiques - Saxopen\",\"isPartOf\":{\"@id\":\"https:\/\/webtv.saxopen.com\/#website\"},\"datePublished\":\"2015-10-14T15:26:57+00:00\",\"breadcrumb\":{\"@id\":\"https:\/\/webtv.saxopen.com\/fr\/a-propos-de-saxopen\/les-thematiques\/#breadcrumb\"},\"inLanguage\":\"fr-FR\",\"potentialAction\":[{\"@type\":\"ReadAction\",\"target\":[\"https:\/\/webtv.saxopen.com\/fr\/a-propos-de-saxopen\/les-thematiques\/\"]}]},{\"@type\":\"BreadcrumbList\",\"@id\":\"https:\/\/webtv.saxopen.com\/fr\/a-propos-de-saxopen\/les-thematiques\/#breadcrumb\",\"itemListElement\":[{\"@type\":\"ListItem\",\"position\":1,\"name\":\"Accueil\",\"item\":\"https:\/\/webtv.saxopen.com\/fr\/\"},{\"@type\":\"ListItem\",\"position\":2,\"name\":\"A propos de SaxOpen\",\"item\":\"https:\/\/webtv.saxopen.com\/fr\/a-propos-de-saxopen\/\"},{\"@type\":\"ListItem\",\"position\":3,\"name\":\"Les th\u00e9matiques\"}]},{\"@type\":\"WebSite\",\"@id\":\"https:\/\/webtv.saxopen.com\/#website\",\"url\":\"https:\/\/webtv.saxopen.com\/\",\"name\":\"Saxopen\",\"description\":\"17th World Saxophone Congress and Festival - Strasbourg \/ France\",\"potentialAction\":[{\"@type\":\"SearchAction\",\"target\":{\"@type\":\"EntryPoint\",\"urlTemplate\":\"https:\/\/webtv.saxopen.com\/?s={search_term_string}\"},\"query-input\":{\"@type\":\"PropertyValueSpecification\",\"valueRequired\":true,\"valueName\":\"search_term_string\"}}],\"inLanguage\":\"fr-FR\"}]}<\/script>\n<!-- \/ Yoast SEO plugin. -->","yoast_head_json":{"title":"Les th\u00e9matiques - Saxopen","robots":{"index":"index","follow":"follow","max-snippet":"max-snippet:-1","max-image-preview":"max-image-preview:large","max-video-preview":"max-video-preview:-1"},"canonical":"https:\/\/webtv.saxopen.com\/fr\/a-propos-de-saxopen\/les-thematiques\/","og_locale":"fr_FR","og_type":"article","og_title":"Les th\u00e9matiques - Saxopen","og_description":"Le mot d\u2019ordre de SaxOpen est l\u2019ouverture\u00a0; sur tous les styles musicaux, toutes les pratiques, toutes les recherches, tous les interpr\u00e8tes (professionnels, amateurs, jeunes, etc.). Ainsi, aucune des propositions que vous pourrez nous faire ne pourra \u00eatre hors sujet\u00a0! Nous esp\u00e9rons que les participants \u00e0 SaxOpen auront comme nous \u00e0 c\u0153ur de ne pas h\u00e9siter [&hellip;]","og_url":"https:\/\/webtv.saxopen.com\/fr\/a-propos-de-saxopen\/les-thematiques\/","og_site_name":"Saxopen","article_publisher":"https:\/\/www.facebook.com\/saxopen2015","twitter_card":"summary_large_image","twitter_site":"@SaxOpen","twitter_misc":{"Dur\u00e9e de lecture estim\u00e9e":"1 minute"},"schema":{"@context":"https:\/\/schema.org","@graph":[{"@type":"WebPage","@id":"https:\/\/webtv.saxopen.com\/fr\/a-propos-de-saxopen\/les-thematiques\/","url":"https:\/\/webtv.saxopen.com\/fr\/a-propos-de-saxopen\/les-thematiques\/","name":"Les th\u00e9matiques - Saxopen","isPartOf":{"@id":"https:\/\/webtv.saxopen.com\/#website"},"datePublished":"2015-10-14T15:26:57+00:00","breadcrumb":{"@id":"https:\/\/webtv.saxopen.com\/fr\/a-propos-de-saxopen\/les-thematiques\/#breadcrumb"},"inLanguage":"fr-FR","potentialAction":[{"@type":"ReadAction","target":["https:\/\/webtv.saxopen.com\/fr\/a-propos-de-saxopen\/les-thematiques\/"]}]},{"@type":"BreadcrumbList","@id":"https:\/\/webtv.saxopen.com\/fr\/a-propos-de-saxopen\/les-thematiques\/#breadcrumb","itemListElement":[{"@type":"ListItem","position":1,"name":"Accueil","item":"https:\/\/webtv.saxopen.com\/fr\/"},{"@type":"ListItem","position":2,"name":"A propos de SaxOpen","item":"https:\/\/webtv.saxopen.com\/fr\/a-propos-de-saxopen\/"},{"@type":"ListItem","position":3,"name":"Les th\u00e9matiques"}]},{"@type":"WebSite","@id":"https:\/\/webtv.saxopen.com\/#website","url":"https:\/\/webtv.saxopen.com\/","name":"Saxopen","description":"17th World Saxophone Congress and Festival - Strasbourg \/ France","potentialAction":[{"@type":"SearchAction","target":{"@type":"EntryPoint","urlTemplate":"https:\/\/webtv.saxopen.com\/?s={search_term_string}"},"query-input":{"@type":"PropertyValueSpecification","valueRequired":true,"valueName":"search_term_string"}}],"inLanguage":"fr-FR"}]}},"_links":{"self":[{"href":"https:\/\/webtv.saxopen.com\/fr\/wp-json\/wp\/v2\/pages\/138808","targetHints":{"allow":["GET"]}}],"collection":[{"href":"https:\/\/webtv.saxopen.com\/fr\/wp-json\/wp\/v2\/pages"}],"about":[{"href":"https:\/\/webtv.saxopen.com\/fr\/wp-json\/wp\/v2\/types\/page"}],"author":[{"embeddable":true,"href":"https:\/\/webtv.saxopen.com\/fr\/wp-json\/wp\/v2\/users\/1"}],"replies":[{"embeddable":true,"href":"https:\/\/webtv.saxopen.com\/fr\/wp-json\/wp\/v2\/comments?post=138808"}],"version-history":[{"count":1,"href":"https:\/\/webtv.saxopen.com\/fr\/wp-json\/wp\/v2\/pages\/138808\/revisions"}],"predecessor-version":[{"id":138809,"href":"https:\/\/webtv.saxopen.com\/fr\/wp-json\/wp\/v2\/pages\/138808\/revisions\/138809"}],"up":[{"embeddable":true,"href":"https:\/\/webtv.saxopen.com\/fr\/wp-json\/wp\/v2\/pages\/138795"}],"wp:attachment":[{"href":"https:\/\/webtv.saxopen.com\/fr\/wp-json\/wp\/v2\/media?parent=138808"}],"curies":[{"name":"wp","href":"https:\/\/api.w.org\/{rel}","templated":true}]}}