{"id":138799,"date":"2015-10-14T17:24:19","date_gmt":"2015-10-14T15:24:19","guid":{"rendered":"https:\/\/webtv.saxopen.com\/fr\/?page_id=138799"},"modified":"2015-10-14T17:24:19","modified_gmt":"2015-10-14T15:24:19","slug":"le-guide-du-congressiste","status":"publish","type":"page","link":"https:\/\/webtv.saxopen.com\/fr\/a-propos-de-saxopen\/le-guide-du-congressiste\/","title":{"rendered":"Le guide du congressiste"},"content":{"rendered":"<h2>\u00a0<strong>1.\u00a0\u00a0\u00a0 <\/strong><strong>Qu\u2019est-ce qu\u2019un congr\u00e8s mondial de saxophone\u00a0?<\/strong><\/h2>\n<p>Le congr\u00e8s mondial du saxophone existe depuis 1969, et se d\u00e9roule tous les trois ans dans un autre pays du monde. Il rassemble des musiciens du monde entier et dure 3 \u00e0 6 jours. Il est <strong>ouvert \u00e0 tous et \u00e0 tous les styles musicaux<\/strong>.<\/p>\n<p>Un congr\u00e8s mondial de saxophone, c\u2019est l\u2019opportunit\u00e9 de\u00a0:<\/p>\n<ul>\n<li><strong>se produire<\/strong> devant un public de professionnels internationaux<\/li>\n<li>assister \u00e0 de tr\u00e8s nombreux concerts (en majeure partie des cr\u00e9ations), du r\u00e9cital solo au concerto avec orchestre symphonique ainsi que des concerts ouverts vers le jazz et d\u2019autres styles<\/li>\n<li><strong>se ressourcer<\/strong>, <strong>se renouveler<\/strong>, d\u00e9couvrir de nouveaux modes de jeu, d\u2019expression, etc.<\/li>\n<li>rencontrer des musiciens du monde entier et d\u00e9velopper des projets futurs<\/li>\n<li><strong>participer \u00e0 des projets exceptionnels,<\/strong> uniquement r\u00e9alisables gr\u00e2ce \u00e0 l\u2019\u00e9nergie du partage d\u2019une m\u00eame passion<\/li>\n<li>partager autour des probl\u00e9matiques li\u00e9es \u00e0 la pratique du saxophone, \u00e0 son enseignement, \u00e0 <strong>la place de la musique dans le monde actuel<\/strong><\/li>\n<li>rencontrer des \u00e9diteurs et d\u00e9couvrir de nouvelles partitions<\/li>\n<li>rencontrer des facteurs d\u2019instruments et d\u00e9couvrir leurs derni\u00e8res cr\u00e9ations<\/li>\n<li><strong>d\u00e9couvrir une ville, un pays et sa culture<\/strong><\/li>\n<li><strong>vivre des moments riches et conviviaux\u00a0!<\/strong><\/li>\n<\/ul>\n<h2><strong>2.\u00a0\u00a0\u00a0 <\/strong><strong>Quelles sont les modalit\u00e9s de participation \u00e0 l\u2019\u00e9v\u00e9nement\u00a0?<\/strong><\/h2>\n<ul>\n<li>Une <strong>\u00e9quipe artistique<\/strong> a \u00e9t\u00e9 mise en place \u00e0 l\u2019\u00e9chelle nationale<\/li>\n<li>Des <strong>th\u00e9matiques de programmation<\/strong> ont \u00e9t\u00e9 d\u00e9finies<\/li>\n<li>Les <strong>propositions se r\u00e9alisent sur le site Internet<\/strong> de SaxOpen jusqu\u2019\u00e0 fin d\u00e9cembre 2014<\/li>\n<li>Un r\u00e9f\u00e9rent par domaine re\u00e7oit les propositions, les \u00e9tudie, les valide. Il y aura un nombre limit\u00e9 de cr\u00e9neaux pour chaque domaine. <strong>250 r\u00e9citals<\/strong> environ seront programm\u00e9s, auxquels s\u2019ajouteront les concerts et animations en ville, les concerts d\u00e9centralis\u00e9s, etc.<\/li>\n<li><strong>Divers tarifs<\/strong> sont propos\u00e9s\u00a0: tarif-plein participant, tarif-r\u00e9duit participant, spectateur, jeunesse, groupe<\/li>\n<li>Les congressistes devront organiser et prendre en charge leur logement (une liste d\u2019h\u00f4tels est \u00e0 disposition sur notre site Internet), leur transport et leurs repas<\/li>\n<li>Comme pour tout congr\u00e8s, les participants, ici musiciens interpr\u00e8tes, ne percevront <strong>aucune r\u00e9mun\u00e9ration pour les concerts. <\/strong>Dans certains cas exceptionnels, certains frais pourraient \u00eatre pris en charge, notamment pour les productions ou actions li\u00e9es \u00e0 la partie festival.<\/li>\n<\/ul>\n<h2>\u00a0<strong>3.\u00a0\u00a0\u00a0 <\/strong><strong>Comment s\u2019articule le festival avec le congr\u00e8s\u00a0?<\/strong><\/h2>\n<p>Un festival \u00e0 destination du grand public sera organis\u00e9 en parall\u00e8le du congr\u00e8s. Des concerts, donn\u00e9s par les congressistes qui le souhaitent, seront propos\u00e9s en journ\u00e9e et en soir\u00e9e, dans diff\u00e9rents lieux de Strasbourg et de sa r\u00e9gion.<\/p>\n<ul>\n<li>Concerts et animations (flashmobs et autres) seront programm\u00e9s dans le cadre des <strong>animations d\u2019\u00e9t\u00e9 \u00e0 Strasbourg<\/strong><\/li>\n<li>Des <strong>concerts en r\u00e9gion<\/strong> seront organis\u00e9s dans les relais culturels et lieux patrimoniaux alsaciens (voire des pays voisins\u00a0; Suisse, Allemagne)<\/li>\n<li>Afin d\u2019inscrire SaxOpen dans une d\u00e9marche solidaire, certains concerts seront \u00e9galement organis\u00e9s en direction des publics d\u00e9favoris\u00e9s (h\u00f4pitaux, maison de retraite, etc.)<\/li>\n<li>Pour participer \u00e0 ce festival, <strong>les congressistes devront pr\u00e9ciser qu\u2019ils le souhaitent lors de leur inscription<\/strong><\/li>\n<li>Les projets retenus par le <strong>comit\u00e9 de programmation<\/strong> seront r\u00e9partis dans les diff\u00e9rents lieux<\/li>\n<\/ul>\n<p>Les frais li\u00e9s au d\u00e9placement des musiciens, de Strasbourg vers la ville d\u2019accueil concern\u00e9e, seront pris en charge par l\u2019organisateur.<\/p>\n<p>Les congressistes venant tr\u00e8s souvent pour un unique r\u00e9cital, ces concerts d\u00e9centralis\u00e9s seront une<strong>opportunit\u00e9 de programmation suppl\u00e9mentaire<\/strong> qui leur permettra de pr\u00e9senter leur travail \u00e0 un plus large public. C\u2019est aussi l\u2019occasion, pour les habitants de Strasbourg et de la r\u00e9gion, de d\u00e9couvrir des prestations musicales de qualit\u00e9 et de vivre pendant une semaine au son du saxophone !<\/p>\n","protected":false},"excerpt":{"rendered":"<p>\u00a01.\u00a0\u00a0\u00a0 Qu\u2019est-ce qu\u2019un congr\u00e8s mondial de saxophone\u00a0? Le congr\u00e8s mondial du saxophone existe depuis 1969, et se d\u00e9roule tous les trois ans dans un autre pays du monde. Il rassemble des musiciens du monde entier et dure 3 \u00e0 6 jours. Il est ouvert \u00e0 tous et \u00e0 tous les styles musicaux. Un congr\u00e8s mondial [&hellip;]<\/p>\n","protected":false},"author":1,"featured_media":0,"parent":138795,"menu_order":0,"comment_status":"closed","ping_status":"closed","template":"","meta":{"footnotes":""},"class_list":["post-138799","page","type-page","status-publish","hentry"],"yoast_head":"<!-- This site is optimized with the Yoast SEO plugin v26.2 - https:\/\/yoast.com\/wordpress\/plugins\/seo\/ -->\n<title>Le guide du congressiste - Saxopen<\/title>\n<meta name=\"robots\" content=\"index, follow, max-snippet:-1, max-image-preview:large, max-video-preview:-1\" \/>\n<link rel=\"canonical\" href=\"https:\/\/webtv.saxopen.com\/fr\/a-propos-de-saxopen\/le-guide-du-congressiste\/\" \/>\n<meta property=\"og:locale\" content=\"fr_FR\" \/>\n<meta property=\"og:type\" content=\"article\" \/>\n<meta property=\"og:title\" content=\"Le guide du congressiste - Saxopen\" \/>\n<meta property=\"og:description\" content=\"\u00a01.\u00a0\u00a0\u00a0 Qu\u2019est-ce qu\u2019un congr\u00e8s mondial de saxophone\u00a0? Le congr\u00e8s mondial du saxophone existe depuis 1969, et se d\u00e9roule tous les trois ans dans un autre pays du monde. Il rassemble des musiciens du monde entier et dure 3 \u00e0 6 jours. Il est ouvert \u00e0 tous et \u00e0 tous les styles musicaux. Un congr\u00e8s mondial [&hellip;]\" \/>\n<meta property=\"og:url\" content=\"https:\/\/webtv.saxopen.com\/fr\/a-propos-de-saxopen\/le-guide-du-congressiste\/\" \/>\n<meta property=\"og:site_name\" content=\"Saxopen\" \/>\n<meta property=\"article:publisher\" content=\"https:\/\/www.facebook.com\/saxopen2015\" \/>\n<meta name=\"twitter:card\" content=\"summary_large_image\" \/>\n<meta name=\"twitter:site\" content=\"@SaxOpen\" \/>\n<meta name=\"twitter:label1\" content=\"Dur\u00e9e de lecture estim\u00e9e\" \/>\n\t<meta name=\"twitter:data1\" content=\"3 minutes\" \/>\n<script type=\"application\/ld+json\" class=\"yoast-schema-graph\">{\"@context\":\"https:\/\/schema.org\",\"@graph\":[{\"@type\":\"WebPage\",\"@id\":\"https:\/\/webtv.saxopen.com\/fr\/a-propos-de-saxopen\/le-guide-du-congressiste\/\",\"url\":\"https:\/\/webtv.saxopen.com\/fr\/a-propos-de-saxopen\/le-guide-du-congressiste\/\",\"name\":\"Le guide du congressiste - Saxopen\",\"isPartOf\":{\"@id\":\"https:\/\/webtv.saxopen.com\/#website\"},\"datePublished\":\"2015-10-14T15:24:19+00:00\",\"breadcrumb\":{\"@id\":\"https:\/\/webtv.saxopen.com\/fr\/a-propos-de-saxopen\/le-guide-du-congressiste\/#breadcrumb\"},\"inLanguage\":\"fr-FR\",\"potentialAction\":[{\"@type\":\"ReadAction\",\"target\":[\"https:\/\/webtv.saxopen.com\/fr\/a-propos-de-saxopen\/le-guide-du-congressiste\/\"]}]},{\"@type\":\"BreadcrumbList\",\"@id\":\"https:\/\/webtv.saxopen.com\/fr\/a-propos-de-saxopen\/le-guide-du-congressiste\/#breadcrumb\",\"itemListElement\":[{\"@type\":\"ListItem\",\"position\":1,\"name\":\"Accueil\",\"item\":\"https:\/\/webtv.saxopen.com\/fr\/\"},{\"@type\":\"ListItem\",\"position\":2,\"name\":\"A propos de SaxOpen\",\"item\":\"https:\/\/webtv.saxopen.com\/fr\/a-propos-de-saxopen\/\"},{\"@type\":\"ListItem\",\"position\":3,\"name\":\"Le guide du congressiste\"}]},{\"@type\":\"WebSite\",\"@id\":\"https:\/\/webtv.saxopen.com\/#website\",\"url\":\"https:\/\/webtv.saxopen.com\/\",\"name\":\"Saxopen\",\"description\":\"17th World Saxophone Congress and Festival - Strasbourg \/ France\",\"potentialAction\":[{\"@type\":\"SearchAction\",\"target\":{\"@type\":\"EntryPoint\",\"urlTemplate\":\"https:\/\/webtv.saxopen.com\/?s={search_term_string}\"},\"query-input\":{\"@type\":\"PropertyValueSpecification\",\"valueRequired\":true,\"valueName\":\"search_term_string\"}}],\"inLanguage\":\"fr-FR\"}]}<\/script>\n<!-- \/ Yoast SEO plugin. -->","yoast_head_json":{"title":"Le guide du congressiste - Saxopen","robots":{"index":"index","follow":"follow","max-snippet":"max-snippet:-1","max-image-preview":"max-image-preview:large","max-video-preview":"max-video-preview:-1"},"canonical":"https:\/\/webtv.saxopen.com\/fr\/a-propos-de-saxopen\/le-guide-du-congressiste\/","og_locale":"fr_FR","og_type":"article","og_title":"Le guide du congressiste - Saxopen","og_description":"\u00a01.\u00a0\u00a0\u00a0 Qu\u2019est-ce qu\u2019un congr\u00e8s mondial de saxophone\u00a0? Le congr\u00e8s mondial du saxophone existe depuis 1969, et se d\u00e9roule tous les trois ans dans un autre pays du monde. Il rassemble des musiciens du monde entier et dure 3 \u00e0 6 jours. Il est ouvert \u00e0 tous et \u00e0 tous les styles musicaux. Un congr\u00e8s mondial [&hellip;]","og_url":"https:\/\/webtv.saxopen.com\/fr\/a-propos-de-saxopen\/le-guide-du-congressiste\/","og_site_name":"Saxopen","article_publisher":"https:\/\/www.facebook.com\/saxopen2015","twitter_card":"summary_large_image","twitter_site":"@SaxOpen","twitter_misc":{"Dur\u00e9e de lecture estim\u00e9e":"3 minutes"},"schema":{"@context":"https:\/\/schema.org","@graph":[{"@type":"WebPage","@id":"https:\/\/webtv.saxopen.com\/fr\/a-propos-de-saxopen\/le-guide-du-congressiste\/","url":"https:\/\/webtv.saxopen.com\/fr\/a-propos-de-saxopen\/le-guide-du-congressiste\/","name":"Le guide du congressiste - Saxopen","isPartOf":{"@id":"https:\/\/webtv.saxopen.com\/#website"},"datePublished":"2015-10-14T15:24:19+00:00","breadcrumb":{"@id":"https:\/\/webtv.saxopen.com\/fr\/a-propos-de-saxopen\/le-guide-du-congressiste\/#breadcrumb"},"inLanguage":"fr-FR","potentialAction":[{"@type":"ReadAction","target":["https:\/\/webtv.saxopen.com\/fr\/a-propos-de-saxopen\/le-guide-du-congressiste\/"]}]},{"@type":"BreadcrumbList","@id":"https:\/\/webtv.saxopen.com\/fr\/a-propos-de-saxopen\/le-guide-du-congressiste\/#breadcrumb","itemListElement":[{"@type":"ListItem","position":1,"name":"Accueil","item":"https:\/\/webtv.saxopen.com\/fr\/"},{"@type":"ListItem","position":2,"name":"A propos de SaxOpen","item":"https:\/\/webtv.saxopen.com\/fr\/a-propos-de-saxopen\/"},{"@type":"ListItem","position":3,"name":"Le guide du congressiste"}]},{"@type":"WebSite","@id":"https:\/\/webtv.saxopen.com\/#website","url":"https:\/\/webtv.saxopen.com\/","name":"Saxopen","description":"17th World Saxophone Congress and Festival - Strasbourg \/ France","potentialAction":[{"@type":"SearchAction","target":{"@type":"EntryPoint","urlTemplate":"https:\/\/webtv.saxopen.com\/?s={search_term_string}"},"query-input":{"@type":"PropertyValueSpecification","valueRequired":true,"valueName":"search_term_string"}}],"inLanguage":"fr-FR"}]}},"_links":{"self":[{"href":"https:\/\/webtv.saxopen.com\/fr\/wp-json\/wp\/v2\/pages\/138799","targetHints":{"allow":["GET"]}}],"collection":[{"href":"https:\/\/webtv.saxopen.com\/fr\/wp-json\/wp\/v2\/pages"}],"about":[{"href":"https:\/\/webtv.saxopen.com\/fr\/wp-json\/wp\/v2\/types\/page"}],"author":[{"embeddable":true,"href":"https:\/\/webtv.saxopen.com\/fr\/wp-json\/wp\/v2\/users\/1"}],"replies":[{"embeddable":true,"href":"https:\/\/webtv.saxopen.com\/fr\/wp-json\/wp\/v2\/comments?post=138799"}],"version-history":[{"count":1,"href":"https:\/\/webtv.saxopen.com\/fr\/wp-json\/wp\/v2\/pages\/138799\/revisions"}],"predecessor-version":[{"id":138800,"href":"https:\/\/webtv.saxopen.com\/fr\/wp-json\/wp\/v2\/pages\/138799\/revisions\/138800"}],"up":[{"embeddable":true,"href":"https:\/\/webtv.saxopen.com\/fr\/wp-json\/wp\/v2\/pages\/138795"}],"wp:attachment":[{"href":"https:\/\/webtv.saxopen.com\/fr\/wp-json\/wp\/v2\/media?parent=138799"}],"curies":[{"name":"wp","href":"https:\/\/api.w.org\/{rel}","templated":true}]}}