{"id":138797,"date":"2015-10-14T17:23:42","date_gmt":"2015-10-14T15:23:42","guid":{"rendered":"https:\/\/webtv.saxopen.com\/fr\/?page_id=138797"},"modified":"2015-10-14T17:23:42","modified_gmt":"2015-10-14T15:23:42","slug":"le-projet","status":"publish","type":"page","link":"https:\/\/webtv.saxopen.com\/fr\/a-propos-de-saxopen\/le-projet\/","title":{"rendered":"Le projet"},"content":{"rendered":"<h2>Qu\u2019est-ce qu\u2019un congr\u00e8s mondial du saxophone\u00a0?<\/h2>\n<p>Tous les trois ans dans un pays du monde (Ljubljana-2006, Bangkok-2009, St Andrews-2012), interpr\u00e8tes, compositeurs, enseignants, \u00e9diteurs, fabricants, professionnels, amateurs etc. se retrouvent pour donner vie \u00e0 <strong>plusieurs centaines de concerts avec de nombreuses cr\u00e9ations.<\/strong><\/p>\n<p>C\u2019est une <strong>occasion exceptionnelle de partager<\/strong> avec des coll\u00e8gues et amis de sa r\u00e9gion ou du bout du monde, la passion de la musique du patrimoine aux derni\u00e8res d\u00e9couvertes.<\/p>\n<p>Le dernier congr\u00e8s fran\u00e7ais a \u00e9t\u00e9 organis\u00e9 par Jean-Marie Londeix en 1974 \u00e0 Bordeaux\u00a0; la nouvelle \u00e9cole fran\u00e7aise du saxophone, autour de Philippe Geiss, se mobilise pour accueillir \u00e0 nouveau<strong>compositeurs et interpr\u00e8tes du monde entier\u00a0!<\/strong><\/p>\n<h2>Qu\u2019est-ce que le projet SaxOpen\u00a0?<\/h2>\n<p>C\u2019est un nom unique pour un \u00e9v\u00e9nement d\u00e9di\u00e9 \u00e0 la <strong>recherche <\/strong>(congr\u00e8s) et \u00e0 la <strong>f\u00eate<\/strong> (festival). L\u2019ouverture \u00e0 <strong>tous les publics<\/strong> et \u00e0 <strong>tous les styles<\/strong> sera le fil conducteur de cette grande manifestation dont les pr\u00e9sidents d\u2019honneur sont Jean-Marie Londeix et Branford Marsalis.<\/p>\n<p>Les grandes lignes th\u00e9matiques sont\u00a0: <strong>tradition \u2013 recherche \u2013 innovation<\/strong>.<\/p>\n<p>Pour la premi\u00e8re fois, plusieurs actions d\u00e9di\u00e9es \u00e0 la jeunesse, \u00e0 la p\u00e9dagogie et \u00e0 la transmission seront organis\u00e9es. Strasbourg et sa r\u00e9gion, gr\u00e2ce \u00e0 une programmation d\u00e9centralis\u00e9e, retentiront au son des <strong>2000 participants<\/strong> attendus, autant pour des concerts symphoniques que pour des animations festives ou des performances inattendues. \u00c0 vous de jouer\u00a0!<\/p>\n<p>Afin de faire r\u00e9sonner SaxOpen au-del\u00e0 de toutes les fronti\u00e8res, une journ\u00e9e mondiale du saxophone sera organis\u00e9e avec de nombreux partenaires du monde entier et dont les temps forts seront retransmis sur Internet.<\/p>\n<p>Pour d\u00e9couvrir de nouveaux talents<strong>,<\/strong> un concours de composition ainsi qu\u2019un concours international pour quatuor de saxophones seront organis\u00e9s autour de SaxOpen.<\/p>\n<p>R\u00e9put\u00e9s pour leur passion pour la culture, leur patrimoine architectural et leur gastronomie, Strasbourg et sa r\u00e9gion se mobilisent pour accueillir cet \u00e9v\u00e9nement culturel de grande envergure.<\/p>\n<p>L\u2019\u00e9quipe d\u2019organisation est \u00e0 votre disposition pour tout renseignement compl\u00e9mentaire (<a href=\"mailto:info@saxopen.com\">info@saxopen.com<\/a>).<\/p>\n<p>Nous vous attendons nombreux\u00a0!<\/p>\n","protected":false},"excerpt":{"rendered":"<p>Qu\u2019est-ce qu\u2019un congr\u00e8s mondial du saxophone\u00a0? Tous les trois ans dans un pays du monde (Ljubljana-2006, Bangkok-2009, St Andrews-2012), interpr\u00e8tes, compositeurs, enseignants, \u00e9diteurs, fabricants, professionnels, amateurs etc. se retrouvent pour donner vie \u00e0 plusieurs centaines de concerts avec de nombreuses cr\u00e9ations. C\u2019est une occasion exceptionnelle de partager avec des coll\u00e8gues et amis de sa r\u00e9gion [&hellip;]<\/p>\n","protected":false},"author":1,"featured_media":0,"parent":138795,"menu_order":0,"comment_status":"closed","ping_status":"closed","template":"","meta":{"footnotes":""},"class_list":["post-138797","page","type-page","status-publish","hentry"],"yoast_head":"<!-- This site is optimized with the Yoast SEO plugin v26.2 - https:\/\/yoast.com\/wordpress\/plugins\/seo\/ -->\n<title>Le projet - Saxopen<\/title>\n<meta name=\"robots\" content=\"index, follow, max-snippet:-1, max-image-preview:large, max-video-preview:-1\" \/>\n<link rel=\"canonical\" href=\"https:\/\/webtv.saxopen.com\/fr\/a-propos-de-saxopen\/le-projet\/\" \/>\n<meta property=\"og:locale\" content=\"fr_FR\" \/>\n<meta property=\"og:type\" content=\"article\" \/>\n<meta property=\"og:title\" content=\"Le projet - Saxopen\" \/>\n<meta property=\"og:description\" content=\"Qu\u2019est-ce qu\u2019un congr\u00e8s mondial du saxophone\u00a0? Tous les trois ans dans un pays du monde (Ljubljana-2006, Bangkok-2009, St Andrews-2012), interpr\u00e8tes, compositeurs, enseignants, \u00e9diteurs, fabricants, professionnels, amateurs etc. se retrouvent pour donner vie \u00e0 plusieurs centaines de concerts avec de nombreuses cr\u00e9ations. C\u2019est une occasion exceptionnelle de partager avec des coll\u00e8gues et amis de sa r\u00e9gion [&hellip;]\" \/>\n<meta property=\"og:url\" content=\"https:\/\/webtv.saxopen.com\/fr\/a-propos-de-saxopen\/le-projet\/\" \/>\n<meta property=\"og:site_name\" content=\"Saxopen\" \/>\n<meta property=\"article:publisher\" content=\"https:\/\/www.facebook.com\/saxopen2015\" \/>\n<meta name=\"twitter:card\" content=\"summary_large_image\" \/>\n<meta name=\"twitter:site\" content=\"@SaxOpen\" \/>\n<meta name=\"twitter:label1\" content=\"Dur\u00e9e de lecture estim\u00e9e\" \/>\n\t<meta name=\"twitter:data1\" content=\"2 minutes\" \/>\n<script type=\"application\/ld+json\" class=\"yoast-schema-graph\">{\"@context\":\"https:\/\/schema.org\",\"@graph\":[{\"@type\":\"WebPage\",\"@id\":\"https:\/\/webtv.saxopen.com\/fr\/a-propos-de-saxopen\/le-projet\/\",\"url\":\"https:\/\/webtv.saxopen.com\/fr\/a-propos-de-saxopen\/le-projet\/\",\"name\":\"Le projet - Saxopen\",\"isPartOf\":{\"@id\":\"https:\/\/webtv.saxopen.com\/#website\"},\"datePublished\":\"2015-10-14T15:23:42+00:00\",\"breadcrumb\":{\"@id\":\"https:\/\/webtv.saxopen.com\/fr\/a-propos-de-saxopen\/le-projet\/#breadcrumb\"},\"inLanguage\":\"fr-FR\",\"potentialAction\":[{\"@type\":\"ReadAction\",\"target\":[\"https:\/\/webtv.saxopen.com\/fr\/a-propos-de-saxopen\/le-projet\/\"]}]},{\"@type\":\"BreadcrumbList\",\"@id\":\"https:\/\/webtv.saxopen.com\/fr\/a-propos-de-saxopen\/le-projet\/#breadcrumb\",\"itemListElement\":[{\"@type\":\"ListItem\",\"position\":1,\"name\":\"Accueil\",\"item\":\"https:\/\/webtv.saxopen.com\/fr\/\"},{\"@type\":\"ListItem\",\"position\":2,\"name\":\"A propos de SaxOpen\",\"item\":\"https:\/\/webtv.saxopen.com\/fr\/a-propos-de-saxopen\/\"},{\"@type\":\"ListItem\",\"position\":3,\"name\":\"Le projet\"}]},{\"@type\":\"WebSite\",\"@id\":\"https:\/\/webtv.saxopen.com\/#website\",\"url\":\"https:\/\/webtv.saxopen.com\/\",\"name\":\"Saxopen\",\"description\":\"17th World Saxophone Congress and Festival - Strasbourg \/ France\",\"potentialAction\":[{\"@type\":\"SearchAction\",\"target\":{\"@type\":\"EntryPoint\",\"urlTemplate\":\"https:\/\/webtv.saxopen.com\/?s={search_term_string}\"},\"query-input\":{\"@type\":\"PropertyValueSpecification\",\"valueRequired\":true,\"valueName\":\"search_term_string\"}}],\"inLanguage\":\"fr-FR\"}]}<\/script>\n<!-- \/ Yoast SEO plugin. -->","yoast_head_json":{"title":"Le projet - Saxopen","robots":{"index":"index","follow":"follow","max-snippet":"max-snippet:-1","max-image-preview":"max-image-preview:large","max-video-preview":"max-video-preview:-1"},"canonical":"https:\/\/webtv.saxopen.com\/fr\/a-propos-de-saxopen\/le-projet\/","og_locale":"fr_FR","og_type":"article","og_title":"Le projet - Saxopen","og_description":"Qu\u2019est-ce qu\u2019un congr\u00e8s mondial du saxophone\u00a0? Tous les trois ans dans un pays du monde (Ljubljana-2006, Bangkok-2009, St Andrews-2012), interpr\u00e8tes, compositeurs, enseignants, \u00e9diteurs, fabricants, professionnels, amateurs etc. se retrouvent pour donner vie \u00e0 plusieurs centaines de concerts avec de nombreuses cr\u00e9ations. C\u2019est une occasion exceptionnelle de partager avec des coll\u00e8gues et amis de sa r\u00e9gion [&hellip;]","og_url":"https:\/\/webtv.saxopen.com\/fr\/a-propos-de-saxopen\/le-projet\/","og_site_name":"Saxopen","article_publisher":"https:\/\/www.facebook.com\/saxopen2015","twitter_card":"summary_large_image","twitter_site":"@SaxOpen","twitter_misc":{"Dur\u00e9e de lecture estim\u00e9e":"2 minutes"},"schema":{"@context":"https:\/\/schema.org","@graph":[{"@type":"WebPage","@id":"https:\/\/webtv.saxopen.com\/fr\/a-propos-de-saxopen\/le-projet\/","url":"https:\/\/webtv.saxopen.com\/fr\/a-propos-de-saxopen\/le-projet\/","name":"Le projet - Saxopen","isPartOf":{"@id":"https:\/\/webtv.saxopen.com\/#website"},"datePublished":"2015-10-14T15:23:42+00:00","breadcrumb":{"@id":"https:\/\/webtv.saxopen.com\/fr\/a-propos-de-saxopen\/le-projet\/#breadcrumb"},"inLanguage":"fr-FR","potentialAction":[{"@type":"ReadAction","target":["https:\/\/webtv.saxopen.com\/fr\/a-propos-de-saxopen\/le-projet\/"]}]},{"@type":"BreadcrumbList","@id":"https:\/\/webtv.saxopen.com\/fr\/a-propos-de-saxopen\/le-projet\/#breadcrumb","itemListElement":[{"@type":"ListItem","position":1,"name":"Accueil","item":"https:\/\/webtv.saxopen.com\/fr\/"},{"@type":"ListItem","position":2,"name":"A propos de SaxOpen","item":"https:\/\/webtv.saxopen.com\/fr\/a-propos-de-saxopen\/"},{"@type":"ListItem","position":3,"name":"Le projet"}]},{"@type":"WebSite","@id":"https:\/\/webtv.saxopen.com\/#website","url":"https:\/\/webtv.saxopen.com\/","name":"Saxopen","description":"17th World Saxophone Congress and Festival - Strasbourg \/ France","potentialAction":[{"@type":"SearchAction","target":{"@type":"EntryPoint","urlTemplate":"https:\/\/webtv.saxopen.com\/?s={search_term_string}"},"query-input":{"@type":"PropertyValueSpecification","valueRequired":true,"valueName":"search_term_string"}}],"inLanguage":"fr-FR"}]}},"_links":{"self":[{"href":"https:\/\/webtv.saxopen.com\/fr\/wp-json\/wp\/v2\/pages\/138797","targetHints":{"allow":["GET"]}}],"collection":[{"href":"https:\/\/webtv.saxopen.com\/fr\/wp-json\/wp\/v2\/pages"}],"about":[{"href":"https:\/\/webtv.saxopen.com\/fr\/wp-json\/wp\/v2\/types\/page"}],"author":[{"embeddable":true,"href":"https:\/\/webtv.saxopen.com\/fr\/wp-json\/wp\/v2\/users\/1"}],"replies":[{"embeddable":true,"href":"https:\/\/webtv.saxopen.com\/fr\/wp-json\/wp\/v2\/comments?post=138797"}],"version-history":[{"count":1,"href":"https:\/\/webtv.saxopen.com\/fr\/wp-json\/wp\/v2\/pages\/138797\/revisions"}],"predecessor-version":[{"id":138798,"href":"https:\/\/webtv.saxopen.com\/fr\/wp-json\/wp\/v2\/pages\/138797\/revisions\/138798"}],"up":[{"embeddable":true,"href":"https:\/\/webtv.saxopen.com\/fr\/wp-json\/wp\/v2\/pages\/138795"}],"wp:attachment":[{"href":"https:\/\/webtv.saxopen.com\/fr\/wp-json\/wp\/v2\/media?parent=138797"}],"curies":[{"name":"wp","href":"https:\/\/api.w.org\/{rel}","templated":true}]}}