{"id":138146,"date":"2015-06-08T14:30:31","date_gmt":"2015-06-08T12:30:31","guid":{"rendered":"https:\/\/webtv.saxopen.com\/fr\/home\/sur-la-carte\/"},"modified":"2015-11-24T23:35:11","modified_gmt":"2015-11-24T21:35:11","slug":"sur-la-carte","status":"publish","type":"page","link":"https:\/\/webtv.saxopen.com\/fr\/home\/sur-la-carte\/","title":{"rendered":"Conf\u00e9rences &#038; Workshops"},"content":{"rendered":"<p>Tous les<br \/>\n<strong>\u00c9v\u00e9nements<\/strong><\/p>\n","protected":false},"excerpt":{"rendered":"<p>Tous les \u00c9v\u00e9nements<\/p>\n","protected":false},"author":1,"featured_media":138114,"parent":137889,"menu_order":3,"comment_status":"open","ping_status":"open","template":"","meta":{"footnotes":""},"class_list":["post-138146","page","type-page","status-publish","has-post-thumbnail","hentry"],"yoast_head":"<!-- This site is optimized with the Yoast SEO plugin v26.2 - https:\/\/yoast.com\/wordpress\/plugins\/seo\/ -->\n<title>Conf\u00e9rences &amp; Workshops - Saxopen<\/title>\n<meta name=\"robots\" content=\"index, follow, max-snippet:-1, max-image-preview:large, max-video-preview:-1\" \/>\n<link rel=\"canonical\" href=\"https:\/\/webtv.saxopen.com\/fr\/home\/sur-la-carte\/\" \/>\n<meta property=\"og:locale\" content=\"fr_FR\" \/>\n<meta property=\"og:type\" content=\"article\" \/>\n<meta property=\"og:title\" content=\"Conf\u00e9rences &amp; Workshops - Saxopen\" \/>\n<meta property=\"og:description\" content=\"Tous les \u00c9v\u00e9nements\" \/>\n<meta property=\"og:url\" content=\"https:\/\/webtv.saxopen.com\/fr\/home\/sur-la-carte\/\" \/>\n<meta property=\"og:site_name\" content=\"Saxopen\" \/>\n<meta property=\"article:publisher\" content=\"https:\/\/www.facebook.com\/saxopen2015\" \/>\n<meta property=\"article:modified_time\" content=\"2015-11-24T21:35:11+00:00\" \/>\n<meta property=\"og:image\" content=\"https:\/\/webtv.saxopen.com\/wp-content\/uploads\/bg-teaser-carte1.png\" \/>\n\t<meta property=\"og:image:width\" content=\"632\" \/>\n\t<meta property=\"og:image:height\" content=\"204\" \/>\n\t<meta property=\"og:image:type\" content=\"image\/png\" \/>\n<meta name=\"twitter:card\" content=\"summary_large_image\" \/>\n<meta name=\"twitter:site\" content=\"@SaxOpen\" \/>\n<script type=\"application\/ld+json\" class=\"yoast-schema-graph\">{\"@context\":\"https:\/\/schema.org\",\"@graph\":[{\"@type\":\"WebPage\",\"@id\":\"https:\/\/webtv.saxopen.com\/fr\/home\/sur-la-carte\/\",\"url\":\"https:\/\/webtv.saxopen.com\/fr\/home\/sur-la-carte\/\",\"name\":\"Conf\u00e9rences & Workshops - Saxopen\",\"isPartOf\":{\"@id\":\"https:\/\/webtv.saxopen.com\/#website\"},\"primaryImageOfPage\":{\"@id\":\"https:\/\/webtv.saxopen.com\/fr\/home\/sur-la-carte\/#primaryimage\"},\"image\":{\"@id\":\"https:\/\/webtv.saxopen.com\/fr\/home\/sur-la-carte\/#primaryimage\"},\"thumbnailUrl\":\"https:\/\/webtv.saxopen.com\/wp-content\/uploads\/bg-teaser-carte1.png\",\"datePublished\":\"2015-06-08T12:30:31+00:00\",\"dateModified\":\"2015-11-24T21:35:11+00:00\",\"breadcrumb\":{\"@id\":\"https:\/\/webtv.saxopen.com\/fr\/home\/sur-la-carte\/#breadcrumb\"},\"inLanguage\":\"fr-FR\",\"potentialAction\":[{\"@type\":\"ReadAction\",\"target\":[\"https:\/\/webtv.saxopen.com\/fr\/home\/sur-la-carte\/\"]}]},{\"@type\":\"ImageObject\",\"inLanguage\":\"fr-FR\",\"@id\":\"https:\/\/webtv.saxopen.com\/fr\/home\/sur-la-carte\/#primaryimage\",\"url\":\"https:\/\/webtv.saxopen.com\/wp-content\/uploads\/bg-teaser-carte1.png\",\"contentUrl\":\"https:\/\/webtv.saxopen.com\/wp-content\/uploads\/bg-teaser-carte1.png\",\"width\":632,\"height\":204},{\"@type\":\"BreadcrumbList\",\"@id\":\"https:\/\/webtv.saxopen.com\/fr\/home\/sur-la-carte\/#breadcrumb\",\"itemListElement\":[{\"@type\":\"ListItem\",\"position\":1,\"name\":\"Accueil\",\"item\":\"https:\/\/webtv.saxopen.com\/fr\/\"},{\"@type\":\"ListItem\",\"position\":2,\"name\":\"Page d&rsquo;accueil\",\"item\":\"https:\/\/webtv.saxopen.com\/fr\/\"},{\"@type\":\"ListItem\",\"position\":3,\"name\":\"Conf\u00e9rences &#038; Workshops\"}]},{\"@type\":\"WebSite\",\"@id\":\"https:\/\/webtv.saxopen.com\/#website\",\"url\":\"https:\/\/webtv.saxopen.com\/\",\"name\":\"Saxopen\",\"description\":\"17th World Saxophone Congress and Festival - Strasbourg \/ France\",\"potentialAction\":[{\"@type\":\"SearchAction\",\"target\":{\"@type\":\"EntryPoint\",\"urlTemplate\":\"https:\/\/webtv.saxopen.com\/?s={search_term_string}\"},\"query-input\":{\"@type\":\"PropertyValueSpecification\",\"valueRequired\":true,\"valueName\":\"search_term_string\"}}],\"inLanguage\":\"fr-FR\"}]}<\/script>\n<!-- \/ Yoast SEO plugin. -->","yoast_head_json":{"title":"Conf\u00e9rences & Workshops - Saxopen","robots":{"index":"index","follow":"follow","max-snippet":"max-snippet:-1","max-image-preview":"max-image-preview:large","max-video-preview":"max-video-preview:-1"},"canonical":"https:\/\/webtv.saxopen.com\/fr\/home\/sur-la-carte\/","og_locale":"fr_FR","og_type":"article","og_title":"Conf\u00e9rences & Workshops - Saxopen","og_description":"Tous les \u00c9v\u00e9nements","og_url":"https:\/\/webtv.saxopen.com\/fr\/home\/sur-la-carte\/","og_site_name":"Saxopen","article_publisher":"https:\/\/www.facebook.com\/saxopen2015","article_modified_time":"2015-11-24T21:35:11+00:00","og_image":[{"width":632,"height":204,"url":"https:\/\/webtv.saxopen.com\/wp-content\/uploads\/bg-teaser-carte1.png","type":"image\/png"}],"twitter_card":"summary_large_image","twitter_site":"@SaxOpen","schema":{"@context":"https:\/\/schema.org","@graph":[{"@type":"WebPage","@id":"https:\/\/webtv.saxopen.com\/fr\/home\/sur-la-carte\/","url":"https:\/\/webtv.saxopen.com\/fr\/home\/sur-la-carte\/","name":"Conf\u00e9rences & Workshops - Saxopen","isPartOf":{"@id":"https:\/\/webtv.saxopen.com\/#website"},"primaryImageOfPage":{"@id":"https:\/\/webtv.saxopen.com\/fr\/home\/sur-la-carte\/#primaryimage"},"image":{"@id":"https:\/\/webtv.saxopen.com\/fr\/home\/sur-la-carte\/#primaryimage"},"thumbnailUrl":"https:\/\/webtv.saxopen.com\/wp-content\/uploads\/bg-teaser-carte1.png","datePublished":"2015-06-08T12:30:31+00:00","dateModified":"2015-11-24T21:35:11+00:00","breadcrumb":{"@id":"https:\/\/webtv.saxopen.com\/fr\/home\/sur-la-carte\/#breadcrumb"},"inLanguage":"fr-FR","potentialAction":[{"@type":"ReadAction","target":["https:\/\/webtv.saxopen.com\/fr\/home\/sur-la-carte\/"]}]},{"@type":"ImageObject","inLanguage":"fr-FR","@id":"https:\/\/webtv.saxopen.com\/fr\/home\/sur-la-carte\/#primaryimage","url":"https:\/\/webtv.saxopen.com\/wp-content\/uploads\/bg-teaser-carte1.png","contentUrl":"https:\/\/webtv.saxopen.com\/wp-content\/uploads\/bg-teaser-carte1.png","width":632,"height":204},{"@type":"BreadcrumbList","@id":"https:\/\/webtv.saxopen.com\/fr\/home\/sur-la-carte\/#breadcrumb","itemListElement":[{"@type":"ListItem","position":1,"name":"Accueil","item":"https:\/\/webtv.saxopen.com\/fr\/"},{"@type":"ListItem","position":2,"name":"Page d&rsquo;accueil","item":"https:\/\/webtv.saxopen.com\/fr\/"},{"@type":"ListItem","position":3,"name":"Conf\u00e9rences &#038; Workshops"}]},{"@type":"WebSite","@id":"https:\/\/webtv.saxopen.com\/#website","url":"https:\/\/webtv.saxopen.com\/","name":"Saxopen","description":"17th World Saxophone Congress and Festival - Strasbourg \/ France","potentialAction":[{"@type":"SearchAction","target":{"@type":"EntryPoint","urlTemplate":"https:\/\/webtv.saxopen.com\/?s={search_term_string}"},"query-input":{"@type":"PropertyValueSpecification","valueRequired":true,"valueName":"search_term_string"}}],"inLanguage":"fr-FR"}]}},"_links":{"self":[{"href":"https:\/\/webtv.saxopen.com\/fr\/wp-json\/wp\/v2\/pages\/138146","targetHints":{"allow":["GET"]}}],"collection":[{"href":"https:\/\/webtv.saxopen.com\/fr\/wp-json\/wp\/v2\/pages"}],"about":[{"href":"https:\/\/webtv.saxopen.com\/fr\/wp-json\/wp\/v2\/types\/page"}],"author":[{"embeddable":true,"href":"https:\/\/webtv.saxopen.com\/fr\/wp-json\/wp\/v2\/users\/1"}],"replies":[{"embeddable":true,"href":"https:\/\/webtv.saxopen.com\/fr\/wp-json\/wp\/v2\/comments?post=138146"}],"version-history":[{"count":10,"href":"https:\/\/webtv.saxopen.com\/fr\/wp-json\/wp\/v2\/pages\/138146\/revisions"}],"predecessor-version":[{"id":139113,"href":"https:\/\/webtv.saxopen.com\/fr\/wp-json\/wp\/v2\/pages\/138146\/revisions\/139113"}],"up":[{"embeddable":true,"href":"https:\/\/webtv.saxopen.com\/fr\/wp-json\/wp\/v2\/pages\/137889"}],"wp:featuredmedia":[{"embeddable":true,"href":"https:\/\/webtv.saxopen.com\/fr\/wp-json\/wp\/v2\/media\/138114"}],"wp:attachment":[{"href":"https:\/\/webtv.saxopen.com\/fr\/wp-json\/wp\/v2\/media?parent=138146"}],"curies":[{"name":"wp","href":"https:\/\/api.w.org\/{rel}","templated":true}]}}